{"id":1928,"date":"2020-03-09T11:55:04","date_gmt":"2020-03-09T10:55:04","guid":{"rendered":"https:\/\/www.a3ce.org\/?page_id=1928"},"modified":"2020-03-09T12:10:26","modified_gmt":"2020-03-09T11:10:26","slug":"conseil-citoyen-et-associations-locales","status":"publish","type":"page","link":"https:\/\/www.a3ce.org\/index.php\/conseil-citoyen-et-associations-locales\/","title":{"rendered":"Conseil Citoyen et associations locales"},"content":{"rendered":"<p>[vc_row][vc_column][vc_column_text]<\/p>\r\n<p>Le Conseil Citoyen et les associations locales, soir\u00e9e organis\u00e9e avec l&rsquo;agglom\u00e9ration GPS le 13 d\u00e9cembre 2019, la <a href=\"https:\/\/m.youtube.com\/watch?feature=youtu.be&amp;v=hlgDb7SYvfw\"><strong>video<\/strong><\/a> et le <a href=\"https:\/\/www.a3ce.org\/wp-content\/uploads\/video\/191213ConseilCitoyenfetefin2019_H264_8_10.mp4\" target=\"_blank\" rel=\"noopener noreferrer\">diaporama<\/a><\/p>\r\n\r\n<p>&nbsp;<\/p>\r\n<p>[\/vc_column_text][\/vc_column][\/vc_row]<\/p>","protected":false},"excerpt":{"rendered":"<p>[vc_row][vc_column][vc_column_text] Le Conseil Citoyen et les associations locales, soir\u00e9e organis\u00e9e avec l&rsquo;agglom\u00e9ration GPS le 13 d\u00e9cembre 2019, la video et le diaporama &nbsp; [\/vc_column_text][\/vc_column][\/vc_row]<br \/><a href=\"https:\/\/www.a3ce.org\/index.php\/conseil-citoyen-et-associations-locales\/\" class=\"more\">Lire la suite<\/a><\/p>\n","protected":false},"author":1,"featured_media":0,"parent":0,"menu_order":0,"comment_status":"closed","ping_status":"closed","template":"","meta":{"ngg_post_thumbnail":0,"footnotes":""},"class_list":["post-1928","page","type-page","status-publish","hentry"],"_links":{"self":[{"href":"https:\/\/www.a3ce.org\/index.php\/wp-json\/wp\/v2\/pages\/1928","targetHints":{"allow":["GET"]}}],"collection":[{"href":"https:\/\/www.a3ce.org\/index.php\/wp-json\/wp\/v2\/pages"}],"about":[{"href":"https:\/\/www.a3ce.org\/index.php\/wp-json\/wp\/v2\/types\/page"}],"author":[{"embeddable":true,"href":"https:\/\/www.a3ce.org\/index.php\/wp-json\/wp\/v2\/users\/1"}],"replies":[{"embeddable":true,"href":"https:\/\/www.a3ce.org\/index.php\/wp-json\/wp\/v2\/comments?post=1928"}],"version-history":[{"count":3,"href":"https:\/\/www.a3ce.org\/index.php\/wp-json\/wp\/v2\/pages\/1928\/revisions"}],"predecessor-version":[{"id":1935,"href":"https:\/\/www.a3ce.org\/index.php\/wp-json\/wp\/v2\/pages\/1928\/revisions\/1935"}],"wp:attachment":[{"href":"https:\/\/www.a3ce.org\/index.php\/wp-json\/wp\/v2\/media?parent=1928"}],"curies":[{"name":"wp","href":"https:\/\/api.w.org\/{rel}","templated":true}]}}