{"id":31,"date":"2018-12-19T13:12:07","date_gmt":"2018-12-19T12:12:07","guid":{"rendered":"http:\/\/www.a3ce.org\/?page_id=31"},"modified":"2022-07-03T08:21:10","modified_gmt":"2022-07-03T06:21:10","slug":"qui-sommes-nous","status":"publish","type":"page","link":"https:\/\/www.a3ce.org\/index.php\/qui-sommes-nous\/","title":{"rendered":"Qui sommes-nous ?"},"content":{"rendered":"\n<h4 class=\"wp-block-heading\"><br><\/h4>\n\n\n<div class=\"wp-block-image\">\n<figure class=\"aligncenter\"><img loading=\"lazy\" decoding=\"async\" width=\"378\" height=\"150\" src=\"https:\/\/www.a3ce.org\/wp-content\/uploads\/2018\/12\/logo-national-CC.png\" alt=\"\" class=\"wp-image-36\" srcset=\"https:\/\/www.a3ce.org\/wp-content\/uploads\/2018\/12\/logo-national-CC.png 378w, https:\/\/www.a3ce.org\/wp-content\/uploads\/2018\/12\/logo-national-CC-300x119.png 300w\" sizes=\"auto, (max-width: 378px) 100vw, 378px\" \/><\/figure>\n<\/div>\n\n\n<p class=\"has-text-align-center has-medium-font-size\"><strong>Le Conseil Citoyen de Corbeil-Essonnes<\/strong><\/p>\n\n\n\n<p class=\"has-very-dark-gray-color has-vivid-green-cyan-background-color has-text-color has-background\"><strong>Cr\u00e9e fin 2015 par la loi sur la Politique de la Ville, Compos\u00e9 de citoyens b\u00e9n\u00e9voles des diff\u00e9rents quartiers prioritaires (Ermitage\/Montconseil; Rive-droite\/centre-ancien; les Tarter\u00eats; la Nacelle) et d\u2019associations &amp; acteurs locaux tir\u00e9s au sortSes Missions : Formuler un avis sur la situation du quartier et son \u00e9volution, Favoriser l\u2019expression des habitants, Appuyer les initiatives, monter et soutenir des projets&nbsp;<\/strong> <br><strong>Dans quels domaines : <\/strong> <br><strong>Cadre de vie &amp; am\u00e9nagement, R\u00e9novation urbaine, Animation du quartier, \u00c9ducation &amp; jeunesse, D\u00e9veloppement \u00e9conomique, Tranquillit\u00e9 publique et s\u00e9curit\u00e9, Sant\u00e9<\/strong>  <\/p>\n\n\n\n<p class=\"has-very-dark-gray-color has-vivid-green-cyan-background-color has-text-color has-background\"><strong>Apr\u00e8s 3 ans d\u2019existence, le Conseil Citoyen a renouvel\u00e9 ses membres. Le <a rel=\"noreferrer noopener\" aria-label=\"tirage au sort (ouverture dans un nouvel onglet)\" href=\"https:\/\/www.a3ce.org\/wp-content\/uploads\/2019\/02\/20190212-Renouvelt-du-cc-mairie-r.jpg\" target=\"_blank\">tirage au sort<\/a> \u00e0 \u00e9t\u00e9 effectu\u00e9 \u00e0 l&rsquo;h\u00f4tel de ville le 12 f\u00e9vrier 2019, 26 membres sont nomm\u00e9s.<\/strong><\/p>\n\n\n\n<p class=\"has-very-dark-gray-color has-vivid-green-cyan-background-color has-text-color has-background\"><strong>Mai 2022 : le Conseil Citoyen renouvelle partiellement ses membres par tirage au sort le 30 juin 2022<\/strong><\/p>\n\n\n\n<p><strong>La loi de programmation pour la ville et la coh\u00e9sion urbaine du 21 f\u00e9vrier 2014 cr\u00e9e les Conseils Citoyens. La mise en place de \u00ab Conseils Citoyens \u00bb dans l\u2019ensemble des quartiers class\u00e9s politique de la ville (QPV) permet d\u2019encourager les initiatives citoyennes existantes et de garantir les conditions n\u00e9cessaires aux mobilisations citoyennes. Les acteurs de ces conseils citoyens seront dans toutes les instances de pilotage, en cr\u00e9ant un espace de propositions et d\u2019initiatives \u00e0 partir des besoins des habitants.<\/strong><br> <\/p>\n\n\n\n<p><\/p>\n","protected":false},"excerpt":{"rendered":"<p>Le Conseil Citoyen de Corbeil-Essonnes Cr\u00e9e fin 2015 par la loi sur la Politique de la Ville, Compos\u00e9 de citoyens b\u00e9n\u00e9voles des diff\u00e9rents quartiers prioritaires (Ermitage\/Montconseil; Rive-droite\/centre-ancien; les Tarter\u00eats; la Nacelle) et d\u2019associations &amp; acteurs locaux tir\u00e9s au sortSes Missions : Formuler un avis sur la situation du quartier et son \u00e9volution, Favoriser l\u2019expression des<br \/><a href=\"https:\/\/www.a3ce.org\/index.php\/qui-sommes-nous\/\" class=\"more\">Lire la suite<\/a><\/p>\n","protected":false},"author":1,"featured_media":0,"parent":0,"menu_order":0,"comment_status":"closed","ping_status":"closed","template":"","meta":{"ngg_post_thumbnail":0,"footnotes":""},"class_list":["post-31","page","type-page","status-publish","hentry"],"_links":{"self":[{"href":"https:\/\/www.a3ce.org\/index.php\/wp-json\/wp\/v2\/pages\/31","targetHints":{"allow":["GET"]}}],"collection":[{"href":"https:\/\/www.a3ce.org\/index.php\/wp-json\/wp\/v2\/pages"}],"about":[{"href":"https:\/\/www.a3ce.org\/index.php\/wp-json\/wp\/v2\/types\/page"}],"author":[{"embeddable":true,"href":"https:\/\/www.a3ce.org\/index.php\/wp-json\/wp\/v2\/users\/1"}],"replies":[{"embeddable":true,"href":"https:\/\/www.a3ce.org\/index.php\/wp-json\/wp\/v2\/comments?post=31"}],"version-history":[{"count":36,"href":"https:\/\/www.a3ce.org\/index.php\/wp-json\/wp\/v2\/pages\/31\/revisions"}],"predecessor-version":[{"id":2395,"href":"https:\/\/www.a3ce.org\/index.php\/wp-json\/wp\/v2\/pages\/31\/revisions\/2395"}],"wp:attachment":[{"href":"https:\/\/www.a3ce.org\/index.php\/wp-json\/wp\/v2\/media?parent=31"}],"curies":[{"name":"wp","href":"https:\/\/api.w.org\/{rel}","templated":true}]}}