{"id":379,"date":"2018-12-25T13:00:18","date_gmt":"2018-12-25T12:00:18","guid":{"rendered":"http:\/\/www.a3ce.org\/?page_id=379"},"modified":"2022-12-15T15:39:29","modified_gmt":"2022-12-15T14:39:29","slug":"tarterets-nprnu-ii","status":"publish","type":"page","link":"https:\/\/www.a3ce.org\/index.php\/tarterets-nprnu-ii\/","title":{"rendered":"Tarter\u00eats &#8211; NPNRU II"},"content":{"rendered":"\n<p><\/p>\n\n\n\n<p>Le 13 d\u00e9cembre 2022, le conseil citoyen est pr\u00e9sent lors du premier atelier consacr\u00e9 \u00e0 la circulation et stationnement du quartier des Tarter\u00eats, apr\u00e8s le lancement du comit\u00e9 consultatif des habitants mis en place par la commune le 24 novembre 2022. Environ 20 personnes participent et le travail porte essentiellement sur la circulation et le stationnement dans la configuration actuelle du quartier. L&rsquo;atelier ne dispose pas de sch\u00e9ma de la future configuration, une maquette serait souhaitable, ainsi que les comptes rendus des r\u00e9unions pr\u00e9c\u00e9dentes. Par ailleurs la municipalit\u00e9 vient de donner son accord pour que le Conseil Citoyen soit repr\u00e9sent\u00e9 aux comit\u00e9s de pilotage et comit\u00e9s techniques d&rsquo;o\u00f9 il \u00e9tait absent depuis 2 ans. Cette participation est inscrite dans la loi<\/p>\n\n\n\n<p>31 mars 2022 : lancement de l&rsquo;enqu\u00eate publique pr\u00e9alable au projet de renouvellement urbain NPNRU \u00ab\u00a0Tarter\u00eats\u00a0\u00bb. L&rsquo;ensemble des documents de l&rsquo;enqu\u00eate sont disponibles sur les sites de la municipalit\u00e9 et de l&rsquo;agglom\u00e9ration Grand Paris Sud. Ils sont \u00e9galement disponibles sur le site internet du Conseil Citoyen :<\/p>\n\n\n\n<p><\/p>\n\n\n\n<p>Lire l&rsquo;<a href=\"https:\/\/www.a3ce.org\/wp-content\/uploads\/2022\/04\/2022_0429_A_destination_de_Monsieur_le_Commissaire.pdf\" target=\"_blank\" rel=\"noreferrer noopener\">avis<\/a> du Conseil Citoyen en date du 29 avril 2022<\/p>\n\n\n\n<ul class=\"wp-block-list\">\n<li><a href=\"https:\/\/www.a3ce.org\/wp-content\/uploads\/2022\/04\/Avis-denquete-publique.pdf\" target=\"_blank\" rel=\"noreferrer noopener\">Avis d&rsquo;enqu\u00eate<\/a> publique suite \u00e0 l&rsquo;arr\u00eat\u00e9 pr\u00e9fectoral du 10 mars 2022<\/li>\n\n\n\n<li><a rel=\"noreferrer noopener\" href=\"https:\/\/www.a3ce.org\/wp-content\/uploads\/2022\/04\/A_2022_0034.pdf\" target=\"_blank\">Arr\u00eat\u00e9<\/a> portant organisation de l&rsquo;Enqu\u00eate Publique de GPS en date du 10 mars 2022<\/li>\n\n\n\n<li><a rel=\"noreferrer noopener\" href=\"https:\/\/www.a3ce.org\/wp-content\/uploads\/2022\/04\/DEL_2021_306_organized_1_Vdef.pdf\" target=\"_blank\">D\u00e9lib\u00e9ration<\/a> GPS approbation de principe du 6 juillet 2021 <\/li>\n\n\n\n<li><a rel=\"noreferrer noopener\" href=\"https:\/\/www.a3ce.org\/wp-content\/uploads\/2022\/04\/20NIF058_Etude-d-impact-NPNRU-Tarterets-fusionne_compressed.pdf\" target=\"_blank\">Etude d&rsquo;impact Environnemental<\/a> du 23 juillet 2021 de GPS (935 pages)<\/li>\n\n\n\n<li><a rel=\"noreferrer noopener\" href=\"https:\/\/www.a3ce.org\/wp-content\/uploads\/2022\/04\/Avis-delegue-Mrae.pdf\" target=\"_blank\">Saisine de la MRAE<\/a> (Mission r\u00e9gionale d&rsquo;autorit\u00e9 environnementale) pour avis sur le projet en date du 30 juillet 2021<\/li>\n\n\n\n<li><a rel=\"noreferrer noopener\" href=\"https:\/\/www.a3ce.org\/wp-content\/uploads\/2022\/04\/20NIF058-Memoire-en-reponse_20211112.pdf\" target=\"_blank\">M\u00e9moire en r\u00e9ponse<\/a> par GPS en date du 12 novembre 2021<\/li>\n\n\n\n<li><a rel=\"noreferrer noopener\" href=\"https:\/\/www.a3ce.org\/wp-content\/uploads\/2022\/04\/20NIF058_EI_Tarterets_V3_20211112.pdf\" target=\"_blank\">\u00c9tude d\u2019impact Environnemental<\/a> du 12 novembre 2021 de GPS (506 pages)<\/li>\n\n\n\n<li>Lire l&rsquo;<a rel=\"noreferrer noopener\" href=\"https:\/\/www.a3ce.org\/wp-content\/uploads\/2022\/04\/2021_0930_projet_avis_projet_npnru_tarterets-signe_avis-MRAE.pdf\" target=\"_blank\">avis de la MRAE<\/a> en date du 30 septembre 2021 (non inclus dans le dossier d&rsquo;enqu\u00eate publique)<\/li>\n<\/ul>\n\n\n\n<p><strong>Le 16 novembre 2021 le Conseil Citoyen publie un <a rel=\"noreferrer noopener\" href=\"https:\/\/www.a3ce.org\/wp-content\/uploads\/2021\/12\/20211109_Point-concertation-NPNRU.pdf\" target=\"_blank\">avis<\/a> sur la participation citoyenne au NPNRU.<\/strong> <\/p>\n\n\n\n<p><strong>Le 15 d\u00e9cembre 2021, le conseil municipal de la commune approuve la convention pluriannuelle de projet de renouvellement urbain du quartier des Tarter\u00eats. Lire la <a rel=\"noreferrer noopener\" href=\"https:\/\/www.a3ce.org\/wp-content\/uploads\/2021\/12\/20211215-Deliberation-Convention-NPNRU.pdf\" target=\"_blank\">d\u00e9lib\u00e9ration<\/a><\/strong><\/p>\n\n\n\n<p><strong><a href=\"https:\/\/www.a3ce.org\/wp-content\/uploads\/2019\/09\/20190811-Support_reunion_publique_1107-npnru-tarterets_01-r.pdf\">11 juillet 2019 &#8211; r\u00e9union publique d&rsquo;information par la municipalit\u00e9 <\/a><\/strong><\/p>\n\n\n\n<p><strong><a href=\"https:\/\/www.a3ce.org\/wp-content\/uploads\/2019\/09\/20190618-COPIL-NPNRU-Tarterets-18.06.19-r.pdf\" target=\"_blank\" rel=\"noreferrer noopener\" aria-label=\"18 juin 2019 Comit\u00e9 de pilotage du projet (ouverture dans un nouvel onglet)\">18 juin 2019 Comit\u00e9 de pilotage du projet<\/a><\/strong><\/p>\n\n\n\n<p><strong><a rel=\"noreferrer noopener\" aria-label=\"20181018 Comit\u00e9 technique N\u00b03 (ouverture dans un nouvel onglet)\" href=\"http:\/\/www.a3ce.org\/wp-content\/uploads\/2018\/12\/20181018-CR-Comit\u00e9-technique-NPNRU-Tarter\u00eats-n3.pdf\" target=\"_blank\">20181018 Comit\u00e9 technique N\u00b03<\/a><\/strong><\/p>\n\n\n\n<p><strong><a rel=\"noreferrer noopener\" aria-label=\"20180914 Avis ANRU  (ouverture dans un nouvel onglet)\" href=\"http:\/\/www.a3ce.org\/wp-content\/uploads\/2018\/12\/20180914-Courrier-avis-ANRU-r.pdf\" target=\"_blank\">20180914 Avis ANRU <\/a><\/strong><\/p>\n\n\n\n<p><strong><a href=\"http:\/\/www.a3ce.org\/wp-content\/uploads\/2018\/12\/20180322-Courrier-du-Conseil-Citoyen-\u00e0-M-le-Maire-et-m\u00e9morandum-1.pdf\" target=\"_blank\" rel=\"noreferrer noopener\" aria-label=\"20180322 Avis du Conseil Citoyen (ouverture dans un nouvel onglet)\">20180322 Avis du Conseil Citoyen<\/a><\/strong><\/p>\n\n\n\n<p><strong><a href=\"http:\/\/www.a3ce.org\/wp-content\/uploads\/2018\/12\/20180208_PHASAGE_ANRU.pdf\" target=\"_blank\" rel=\"noreferrer noopener\" aria-label=\"20180208 Proposition de phasage - 8 f\u00e9vrier 2018 -  document de travail (ouverture dans un nouvel onglet)\">20180208 Proposition de phasage &#8211; 8 f\u00e9vrier 2018 &#8211;  document de travail<\/a><\/strong><\/p>\n\n\n\n<p><strong><a rel=\"noreferrer noopener\" href=\"http:\/\/www.a3ce.org\/wp-content\/uploads\/2018\/12\/20180126_CR_-concertation_janvier-2018-o.pdf\" target=\"_blank\">20180126 Compte rendu r\u00e9union du 26 janvier 2018<\/a><\/strong><\/p>\n\n\n\n<p><strong><a href=\"http:\/\/www.a3ce.org\/wp-content\/uploads\/2018\/12\/20171221-CR-Comit\u00e9-technique-NPNRU-Tarter\u00eats-n2.pdf\" target=\"_blank\" rel=\"noreferrer noopener\" aria-label=\"20171221 Comit\u00e9 technique N\u00b02 (ouverture dans un nouvel onglet)\">20171221 Comit\u00e9 technique N\u00b02<\/a><\/strong><\/p>\n\n\n\n<p><strong><a rel=\"noreferrer noopener\" href=\"http:\/\/www.a3ce.org\/wp-content\/uploads\/2018\/12\/20171127_CR_visite_chaufferie.pdf\" target=\"_blank\">20171127 Visite de la chaufferie &#8211; 27 novembre 2017\ufeff<\/a><\/strong><\/p>\n\n\n\n<p><strong><a rel=\"noreferrer noopener\" aria-label=\"20171027 Atelier de concertation N\u00b01 - Le sport et les loisirs aux Tarter\u00eats - 27 octobre 2017 (ouverture dans un nouvel onglet)\" href=\"http:\/\/20171027 Projet_urbain_Tarterets_CR_atelier_1_27112017 equipt sportif r\" target=\"_blank\">20171027 Atelier de concertation N\u00b01 &#8211; Le sport et les loisirs aux Tarter\u00eats &#8211; 27 octobre 2017<\/a><\/strong><\/p>\n\n\n\n<p><strong><a rel=\"noreferrer noopener\" href=\"http:\/\/www.a3ce.org\/wp-content\/uploads\/2018\/12\/20170922_CR_COPIL_1_PHASE1_VDEF.pdf\" target=\"_blank\">20170912 Comit\u00e9 de pilotage &#8211; Mise \u00e0 jour du diagnostic &#8211; 12 septembre 2017<\/a><\/strong><\/p>\n\n\n\n<p><strong>20170920 le diagnostic phase 1 <a rel=\"noreferrer noopener\" aria-label=\"partie 1 (ouverture dans un nouvel onglet)\" href=\"http:\/\/www.a3ce.org\/wp-content\/uploads\/2018\/12\/20170918_RENDU_PHASE_1_DIAGNOSTIC_Partie1.pdf\" target=\"_blank\">partie 1<\/a><\/strong> <br><strong>20170920 le diagnostic phase 1 <a href=\"http:\/\/www.a3ce.org\/wp-content\/uploads\/2018\/12\/20170918_RENDU_PHASE_1_DIAGNOSTIC_Partie2.pdf\" target=\"_blank\" rel=\"noreferrer noopener\" aria-label=\"partie 2 (ouverture dans un nouvel onglet)\">partie 2<\/a><\/strong><\/p>\n\n\n\n<p><strong><a rel=\"noreferrer noopener\" aria-label=\"20170814 Entretien avec l'association &quot;Actives&quot; - 14 ao\u00fbt 2017 (ouverture dans un nouvel onglet)\" href=\"http:\/\/www.a3ce.org\/wp-content\/uploads\/2018\/12\/20170614_-Entretien-avec-une-association.pdf\" target=\"_blank\">20170814 Entretien avec l&rsquo;association \u00ab\u00a0Actives\u00a0\u00bb &#8211; 14 juin 2017<\/a><\/strong><\/p>\n\n\n\n<p><strong><a href=\"http:\/\/www.a3ce.org\/wp-content\/uploads\/2018\/12\/20171204-Etudes-NPNRU-Tarter\u00eats_CR_COTECH_1_PHASE1.pdf\" target=\"_blank\" rel=\"noreferrer noopener\" aria-label=\"20171204 Comit\u00e9 technique N\u00b01 phase 1 (ouverture dans un nouvel onglet)\">20171204 Comit\u00e9 technique N\u00b01 phase 1<\/a><\/strong><\/p>\n\n\n\n<p><strong><a rel=\"noreferrer noopener\" aria-label=\"20170412 Compte rendu r\u00e9union Maire - Becardmap - 4 d\u00e9cembre 2017 (ouverture dans un nouvel onglet)\" href=\"http:\/\/www.a3ce.org\/wp-content\/uploads\/2018\/12\/20171204-CR-r\u00e9union-NPNRU-Becardmap-4-d\u00e9cembre-2017.pdf\" target=\"_blank\">20170412 Compte rendu r\u00e9union Maire &#8211; Becardmap &#8211; 4 d\u00e9cembre 2017<\/a><\/strong><\/p>\n","protected":false},"excerpt":{"rendered":"<p>Le 13 d\u00e9cembre 2022, le conseil citoyen est pr\u00e9sent lors du premier atelier consacr\u00e9 \u00e0 la circulation et stationnement du quartier des Tarter\u00eats, apr\u00e8s le lancement du comit\u00e9 consultatif des habitants mis en place par la commune le 24 novembre 2022. Environ 20 personnes participent et le travail porte essentiellement sur la circulation et le<br \/><a href=\"https:\/\/www.a3ce.org\/index.php\/tarterets-nprnu-ii\/\" class=\"more\">Lire la suite<\/a><\/p>\n","protected":false},"author":1,"featured_media":0,"parent":0,"menu_order":0,"comment_status":"closed","ping_status":"closed","template":"","meta":{"ngg_post_thumbnail":0,"footnotes":""},"class_list":["post-379","page","type-page","status-publish","hentry"],"_links":{"self":[{"href":"https:\/\/www.a3ce.org\/index.php\/wp-json\/wp\/v2\/pages\/379","targetHints":{"allow":["GET"]}}],"collection":[{"href":"https:\/\/www.a3ce.org\/index.php\/wp-json\/wp\/v2\/pages"}],"about":[{"href":"https:\/\/www.a3ce.org\/index.php\/wp-json\/wp\/v2\/types\/page"}],"author":[{"embeddable":true,"href":"https:\/\/www.a3ce.org\/index.php\/wp-json\/wp\/v2\/users\/1"}],"replies":[{"embeddable":true,"href":"https:\/\/www.a3ce.org\/index.php\/wp-json\/wp\/v2\/comments?post=379"}],"version-history":[{"count":59,"href":"https:\/\/www.a3ce.org\/index.php\/wp-json\/wp\/v2\/pages\/379\/revisions"}],"predecessor-version":[{"id":2477,"href":"https:\/\/www.a3ce.org\/index.php\/wp-json\/wp\/v2\/pages\/379\/revisions\/2477"}],"wp:attachment":[{"href":"https:\/\/www.a3ce.org\/index.php\/wp-json\/wp\/v2\/media?parent=379"}],"curies":[{"name":"wp","href":"https:\/\/api.w.org\/{rel}","templated":true}]}}